{"id":2972,"date":"2025-11-27T14:25:41","date_gmt":"2025-11-27T14:25:41","guid":{"rendered":"https:\/\/deliciasdeitalia.com\/?post_type=product&#038;p=2972"},"modified":"2026-03-04T11:47:15","modified_gmt":"2026-03-04T11:47:15","slug":"caffe-borbone-decisa-macinato-250gx2-bipack","status":"publish","type":"product","link":"https:\/\/deliciasdeitalia.com\/en\/producto\/caffe-borbone-decisa-macinato-250gx2-bipack\/","title":{"rendered":"CAFF\u00c8 BORBONE DECISA MACINATO 250Gx2 BIPACK"},"content":{"rendered":"<table class=\"product--properties-table\">\n<tbody>\n<tr class=\"product--properties-row\">\n<td class=\"product--properties-label is--bold\">Composici\u00f3n de la mezcla:<\/td>\n<td class=\"product--properties-value\">50% Arabica \/ 50% Robusta<\/td>\n<\/tr>\n<tr class=\"product--properties-row\">\n<td class=\"product--properties-label is--bold\">Aroma:<\/td>\n<td class=\"product--properties-value\">Achocolatado, Frutos Secos<\/td>\n<\/tr>\n<tr class=\"product--properties-row\">\n<td class=\"product--properties-label is--bold\">Tipo \/ Caracter\u00edstica:<\/td>\n<td class=\"product--properties-value\">Molido<\/td>\n<\/tr>\n<tr class=\"product--properties-row\">\n<td class=\"product--properties-label is--bold\">Aparato:<\/td>\n<td class=\"product--properties-value\">Cafetera Moka, Prensa Francesa<\/td>\n<\/tr>\n<tr class=\"product--properties-row\">\n<td class=\"product--properties-label is--bold\">Contenido de Cafe\u00edna:<\/td>\n<td class=\"product--properties-value\">Contenido Medio de Cafe\u00edna<\/td>\n<\/tr>\n<tr class=\"product--properties-row\">\n<td class=\"product--properties-label is--bold\">Tama\u00f1o del Paquete:<\/td>\n<td class=\"product--properties-value\">250g<\/td>\n<\/tr>\n<tr class=\"product--properties-row\">\n<td class=\"product--properties-label is--bold\">Grado de Tueste:<\/td>\n<td class=\"product--properties-value\">Medio<\/td>\n<\/tr>\n<tr class=\"product--properties-row\">\n<td class=\"product--properties-label is--bold\">Bajo Nivel de Acidez:<\/td>\n<td class=\"product--properties-value\">Si<\/td>\n<\/tr>\n<tr class=\"product--properties-row\">\n<td class=\"product--properties-label is--bold\">Intensidad:<\/td>\n<td class=\"product--properties-value\">Equilibrado<\/td>\n<\/tr>\n<\/tbody>\n<\/table>\n","protected":false},"excerpt":{"rendered":"<p>Composici\u00f3n de la mezcla: 50% Arabica \/ 50% Robusta Aroma: Achocolatado, Frutos Secos Tipo \/ Caracter\u00edstica: Molido Aparato: Cafetera Moka, Prensa Francesa Contenido de Cafe\u00edna: Contenido Medio de Cafe\u00edna Tama\u00f1o del Paquete: 250g Grado de Tueste: Medio Bajo Nivel de Acidez: Si Intensidad: Equilibrado<\/p>\n","protected":false},"featured_media":2974,"comment_status":"open","ping_status":"closed","template":"","meta":[],"product_brand":[],"product_cat":[81],"product_tag":[67],"class_list":{"0":"post-2972","1":"product","2":"type-product","3":"status-publish","4":"has-post-thumbnail","6":"product_cat-cafe","7":"product_tag-dry","9":"first","10":"instock","11":"shipping-taxable","12":"purchasable","13":"product-type-simple"},"_links":{"self":[{"href":"https:\/\/deliciasdeitalia.com\/en\/wp-json\/wp\/v2\/product\/2972","targetHints":{"allow":["GET"]}}],"collection":[{"href":"https:\/\/deliciasdeitalia.com\/en\/wp-json\/wp\/v2\/product"}],"about":[{"href":"https:\/\/deliciasdeitalia.com\/en\/wp-json\/wp\/v2\/types\/product"}],"replies":[{"embeddable":true,"href":"https:\/\/deliciasdeitalia.com\/en\/wp-json\/wp\/v2\/comments?post=2972"}],"version-history":[{"count":1,"href":"https:\/\/deliciasdeitalia.com\/en\/wp-json\/wp\/v2\/product\/2972\/revisions"}],"predecessor-version":[{"id":2973,"href":"https:\/\/deliciasdeitalia.com\/en\/wp-json\/wp\/v2\/product\/2972\/revisions\/2973"}],"wp:featuredmedia":[{"embeddable":true,"href":"https:\/\/deliciasdeitalia.com\/en\/wp-json\/wp\/v2\/media\/2974"}],"wp:attachment":[{"href":"https:\/\/deliciasdeitalia.com\/en\/wp-json\/wp\/v2\/media?parent=2972"}],"wp:term":[{"taxonomy":"product_brand","embeddable":true,"href":"https:\/\/deliciasdeitalia.com\/en\/wp-json\/wp\/v2\/product_brand?post=2972"},{"taxonomy":"product_cat","embeddable":true,"href":"https:\/\/deliciasdeitalia.com\/en\/wp-json\/wp\/v2\/product_cat?post=2972"},{"taxonomy":"product_tag","embeddable":true,"href":"https:\/\/deliciasdeitalia.com\/en\/wp-json\/wp\/v2\/product_tag?post=2972"}],"curies":[{"name":"wp","href":"https:\/\/api.w.org\/{rel}","templated":true}]}}