{"id":2837,"date":"2025-11-13T15:22:53","date_gmt":"2025-11-13T15:22:53","guid":{"rendered":"https:\/\/deliciasdeitalia.com\/?post_type=product&#038;p=2837"},"modified":"2025-11-20T16:06:41","modified_gmt":"2025-11-20T16:06:41","slug":"panettone-tradizionale-gran-galup-con-gocce-di-cioccolato-senza-lattosio-e-senza-glutine","status":"publish","type":"product","link":"https:\/\/deliciasdeitalia.com\/en\/producto\/panettone-tradizionale-gran-galup-con-gocce-di-cioccolato-senza-lattosio-e-senza-glutine\/","title":{"rendered":"PANETTONE TRADIZIONALE GRAN GALUP CON GOCCE DI CIOCCOLATO SENZA LATTOSIO E SENZA GLUTINE."},"content":{"rendered":"<p>Panettone tradicional GranGalup <em>sin lactosa y gluten free<\/em>, CON PEPITAS DE CHOCOLATE, con pasas y naranja confitada, top glaseado de avellanas con granos de az\u00facar y almendras enteras.<\/p>\n","protected":false},"excerpt":{"rendered":"<p>La receta tradicional del Panettone con naranjas confitadas y pasas, pero Sin Gluten y Sin Lactosa, especificadamente formulada para personas que no toleran el Gluten.<\/p>\n<p><strong>Ingredientes:<\/strong><\/p>\n<p>almid\u00f3n de ma\u00edz, az\u00facar, emulsionante E471, Psyllium, espesante, conservante (acido s\u00f3rbico), agua, mantequilla Sin Lactosa, pasas, 5% naranjas confitadas, cedro confitado, az\u00facar glas, huevos frescos pasteurizados, leche desnatada in polvo Sin Lactosa, aromas naturales.<\/p>\n<p><strong>Glaseado:<\/strong><\/p>\n<p>az\u00facar glas, almendras 19%, avellanas 19%, harina de arroz, clara de huevo seca, granos de az\u00facar 4%.<\/p>\n<p>Puede contener trazas de nueces, pistachos, soya.<\/p>\n","protected":false},"featured_media":2838,"comment_status":"closed","ping_status":"closed","template":"","meta":[],"product_brand":[],"product_cat":[55],"product_tag":[],"class_list":{"0":"post-2837","1":"product","2":"type-product","3":"status-publish","4":"has-post-thumbnail","6":"product_cat-navidad","8":"first","9":"outofstock","10":"shipping-taxable","11":"purchasable","12":"product-type-simple"},"_links":{"self":[{"href":"https:\/\/deliciasdeitalia.com\/en\/wp-json\/wp\/v2\/product\/2837","targetHints":{"allow":["GET"]}}],"collection":[{"href":"https:\/\/deliciasdeitalia.com\/en\/wp-json\/wp\/v2\/product"}],"about":[{"href":"https:\/\/deliciasdeitalia.com\/en\/wp-json\/wp\/v2\/types\/product"}],"replies":[{"embeddable":true,"href":"https:\/\/deliciasdeitalia.com\/en\/wp-json\/wp\/v2\/comments?post=2837"}],"version-history":[{"count":3,"href":"https:\/\/deliciasdeitalia.com\/en\/wp-json\/wp\/v2\/product\/2837\/revisions"}],"predecessor-version":[{"id":2842,"href":"https:\/\/deliciasdeitalia.com\/en\/wp-json\/wp\/v2\/product\/2837\/revisions\/2842"}],"wp:featuredmedia":[{"embeddable":true,"href":"https:\/\/deliciasdeitalia.com\/en\/wp-json\/wp\/v2\/media\/2838"}],"wp:attachment":[{"href":"https:\/\/deliciasdeitalia.com\/en\/wp-json\/wp\/v2\/media?parent=2837"}],"wp:term":[{"taxonomy":"product_brand","embeddable":true,"href":"https:\/\/deliciasdeitalia.com\/en\/wp-json\/wp\/v2\/product_brand?post=2837"},{"taxonomy":"product_cat","embeddable":true,"href":"https:\/\/deliciasdeitalia.com\/en\/wp-json\/wp\/v2\/product_cat?post=2837"},{"taxonomy":"product_tag","embeddable":true,"href":"https:\/\/deliciasdeitalia.com\/en\/wp-json\/wp\/v2\/product_tag?post=2837"}],"curies":[{"name":"wp","href":"https:\/\/api.w.org\/{rel}","templated":true}]}}