{"id":2825,"date":"2025-11-13T12:10:47","date_gmt":"2025-11-13T12:10:47","guid":{"rendered":"https:\/\/deliciasdeitalia.com\/?post_type=product&#038;p=2825"},"modified":"2026-02-26T10:50:43","modified_gmt":"2026-02-26T10:50:43","slug":"giangalup-farcito-con-crema-gianduja-ricoperto-di-cioccolato-fondente-e-granella-di-noccioler-praline","status":"publish","type":"product","link":"https:\/\/deliciasdeitalia.com\/en\/producto\/giangalup-farcito-con-crema-gianduja-ricoperto-di-cioccolato-fondente-e-granella-di-noccioler-praline\/","title":{"rendered":"GIANGALUP FARCITO CON CREMA GIANDUJA, RICOPERTO DI CIOCCOLATO FONDENTE E GRANELLA DI NOCCIOLE PRALIN\u00c8, 900 g."},"content":{"rendered":"<p>Panettone GianGalup, sin fruta ni pasas, relleno de crema Gianduja (chocolate y avellanas), con cobertura de chocolate negro y granos de avellana caramelizada.<\/p>\n","protected":false},"excerpt":{"rendered":"<p>Este bizcocho no s\u00f3lo impresiona por su especial forma triangular, sino tambi\u00e9n por su extraordinario sabor.<br \/>\nLa masa madre natural con levadura madre blanca y tres fases de elaboraci\u00f3n diferentes garantizan una masa maravillosamente esponjosa y suave y el sabor m\u00e1s pleno. El pastel rinde homenaje al chocolate de Tur\u00edn, por lo que es relleno de crema Gianduja (chocolate y avellanas), y cubierto con una fina y golosa capa de chocolate nregro y granos de avellanas caramelizados.<\/p>\n<p><strong>Ingredientes:<\/strong><\/p>\n<div class=\"product-ingredients ingredients \">\n<ul>\n<li><span title=\"Al\u00e9rgenos\">harina de trigo blando tipo 0<\/span><\/li>\n<li><span title=\"Al\u00e9rgenos\">huevos de categor\u00eda A de gallinas de corral<\/span><\/li>\n<li>Az\u00facar<\/li>\n<li><span title=\"Al\u00e9rgenos\">mantequilla<\/span><\/li>\n<li>levadura madre<\/li>\n<li>manteca de cacao<\/li>\n<li>sal, aromas naturales, vainilla.<\/li>\n<\/ul>\n<p><strong>Crema Gianduja:<\/strong><\/p>\n<ul>\n<li><span title=\"Al\u00e9rgenos\">3,6 % chocolate en polvo<\/span><\/li>\n<li>4,5 % masa de avellanas\n<ul>\n<li>sirope de glucosa, sacarosa<\/li>\n<li>leche desnatada<\/li>\n<li>manteca de cacao<\/li>\n<li>aromas, agua, emulsionantes<\/li>\n<\/ul>\n<\/li>\n<\/ul>\n<p><strong><span title=\"Al\u00e9rgenos\">Cobertura de chocolate:<\/span><\/strong><\/p>\n<ul>\n<li>pasta de cacao<\/li>\n<li>az\u00facar<\/li>\n<li>manteca de cacao<\/li>\n<li>aroma de vainilla<\/li>\n<li>Emulsionantes\n<ul>\n<li>lecitina de soya<\/li>\n<\/ul>\n<\/li>\n<\/ul>\n<\/div>\n<div class=\"product-ingredients ingredients \">\n<p><strong>Granos de avellanas.<\/strong><\/p>\n<ul>\n<li>azucar<\/li>\n<li>35% avellanas<\/li>\n<li>caramelo E150B<\/li>\n<\/ul>\n<p>Puede contener trazas de frutos secos, mostaza, y cacahuetes.<\/p>\n<p>Conservar en lugar fresco e seco.<\/p>\n<\/div>\n","protected":false},"featured_media":2584,"comment_status":"closed","ping_status":"closed","template":"","meta":[],"product_brand":[],"product_cat":[55],"product_tag":[],"class_list":{"0":"post-2825","1":"product","2":"type-product","3":"status-publish","4":"has-post-thumbnail","6":"product_cat-navidad","8":"first","9":"instock","10":"sale","11":"featured","12":"sold-individually","13":"shipping-taxable","14":"purchasable","15":"product-type-simple"},"_links":{"self":[{"href":"https:\/\/deliciasdeitalia.com\/en\/wp-json\/wp\/v2\/product\/2825","targetHints":{"allow":["GET"]}}],"collection":[{"href":"https:\/\/deliciasdeitalia.com\/en\/wp-json\/wp\/v2\/product"}],"about":[{"href":"https:\/\/deliciasdeitalia.com\/en\/wp-json\/wp\/v2\/types\/product"}],"replies":[{"embeddable":true,"href":"https:\/\/deliciasdeitalia.com\/en\/wp-json\/wp\/v2\/comments?post=2825"}],"version-history":[{"count":6,"href":"https:\/\/deliciasdeitalia.com\/en\/wp-json\/wp\/v2\/product\/2825\/revisions"}],"predecessor-version":[{"id":2905,"href":"https:\/\/deliciasdeitalia.com\/en\/wp-json\/wp\/v2\/product\/2825\/revisions\/2905"}],"wp:featuredmedia":[{"embeddable":true,"href":"https:\/\/deliciasdeitalia.com\/en\/wp-json\/wp\/v2\/media\/2584"}],"wp:attachment":[{"href":"https:\/\/deliciasdeitalia.com\/en\/wp-json\/wp\/v2\/media?parent=2825"}],"wp:term":[{"taxonomy":"product_brand","embeddable":true,"href":"https:\/\/deliciasdeitalia.com\/en\/wp-json\/wp\/v2\/product_brand?post=2825"},{"taxonomy":"product_cat","embeddable":true,"href":"https:\/\/deliciasdeitalia.com\/en\/wp-json\/wp\/v2\/product_cat?post=2825"},{"taxonomy":"product_tag","embeddable":true,"href":"https:\/\/deliciasdeitalia.com\/en\/wp-json\/wp\/v2\/product_tag?post=2825"}],"curies":[{"name":"wp","href":"https:\/\/api.w.org\/{rel}","templated":true}]}}