{"id":2721,"date":"2024-11-19T15:13:10","date_gmt":"2024-11-19T15:13:10","guid":{"rendered":"https:\/\/deliciasdeitalia.com\/?post_type=product&#038;p=2721"},"modified":"2026-01-19T16:07:16","modified_gmt":"2026-01-19T16:07:16","slug":"tradizionale-pesca-cioccolato-e-amaretto","status":"publish","type":"product","link":"https:\/\/deliciasdeitalia.com\/en\/producto\/tradizionale-pesca-cioccolato-e-amaretto\/","title":{"rendered":"PANETTONE TRADIZIONALE PESCA, CIOCCOLATO E AMARETTO 750 G."},"content":{"rendered":"<p>Panettone con melocot\u00f3n confitado y pepitas de chocolate, top de glaseado de avellanas con granos de galletas &#8220;amaretti&#8221;.<\/p>\n","protected":false},"excerpt":{"rendered":"<div class=\"p-details\">\n<details class=\"p-details__item\" open=\"\">\n<div class=\"p-details__content --wysiwyg\">\n<p>Con este panettone, Galup reinterpreta un postre cl\u00e1sico de la tradici\u00f3n piamontesa: los melocotones rellenos. La masa suave con levadura natural est\u00e1 enriquecida con melocotones confitados y gotas de chocolate. El panettone est\u00e1 decorado con un cl\u00e1sico glaseado de avellana y terminado con un deliciosos trocitos de amaretti. \u00a1Un triunfo de sabores que conquistar\u00e1 a grandes y peque\u00f1os!<\/p>\n<\/div>\n<table class=\"p-attributesTable\">\n<tbody>\n<tr>\n<th>Marca:<\/th>\n<td><a href=\"https:\/\/www.piccantino.es\/galup\">Galup<\/a><\/td>\n<\/tr>\n<tr>\n<th>Origen:<\/th>\n<td><a href=\"https:\/\/www.piccantino.es\/origen-1\/italia-1\">Italia<\/a><\/td>\n<\/tr>\n<tr>\n<th>Puede contener trazas de:<\/th>\n<td>H &#8211; Frutos secos, M &#8211; Mostaza<\/td>\n<\/tr>\n<tr>\n<th>Informaci\u00f3n sobre conservaci\u00f3n:<\/th>\n<td>Conservar a una temperatura ambiente inferior a 23\u00b0C, Conservar a temperatura ambiente, Almacenar en un lugar seco<\/td>\n<\/tr>\n<\/tbody>\n<\/table>\n<div class=\"p-details__content --wysiwyg\"><\/div>\n<\/details>\n<details class=\"p-details__item\" open=\"\">\n<summary class=\"p-details__summary\">Ingredientes<\/summary>\n<div class=\"p-details__content\">\n<h4>Masa<\/h4>\n<div class=\"product-ingredients ingredients \">\n<ul>\n<li><span title=\"Al\u00e9rgenos\">harina de trigo<\/span><\/li>\n<li>15\u00a0%\u00a0melocotones confitados\n<ul>\n<li>melocot\u00f3n<\/li>\n<li>jarabe de glucosa-fructosa<\/li>\n<li>az\u00facar<\/li>\n<li>concentrado de zumo de lim\u00f3n<\/li>\n<\/ul>\n<\/li>\n<li><span title=\"Al\u00e9rgenos\">manteca<\/span>\n<ul>\n<li><span title=\"Al\u00e9rgenos\">Leche<\/span><\/li>\n<\/ul>\n<\/li>\n<li>az\u00facar<\/li>\n<li><span title=\"Al\u00e9rgenos\">8\u00a0%\u00a0yema de huevo de clase A de gallinas de corral<\/span><\/li>\n<li>6\u00a0%\u00a0gotas de chocolate\n<ul>\n<li>az\u00facar<\/li>\n<li>masa de cacao<\/li>\n<li>manteca de cacao<\/li>\n<li><span title=\"Al\u00e9rgenos\">Lecitina de soja\u00a0<sup><a href=\"https:\/\/www.piccantino.es\/galup\/colorfully-edition-panettone-con-melocoton-confitado-guindas#cite_note-028785e0ae9630ded-1\">[1]<\/a><\/sup><\/span><\/li>\n<\/ul>\n<\/li>\n<li><span title=\"Al\u00e9rgenos\">masa madre<\/span>\n<ul>\n<li><span title=\"Al\u00e9rgenos\">harina de trigo<\/span><\/li>\n<li>agua<\/li>\n<\/ul>\n<\/li>\n<li>mono y diglic\u00e9ridos de \u00e1cidos grasos (E471)\u00a0<sup><a href=\"https:\/\/www.piccantino.es\/galup\/colorfully-edition-panettone-con-melocoton-confitado-guindas#cite_note-028785e0ae9630ded-1\">[1]<\/a><\/sup><\/li>\n<li><span title=\"Al\u00e9rgenos\">2\u00a0%\u00a0Leche entera<\/span><\/li>\n<li>sirope de az\u00facar invertido<\/li>\n<li>sal<\/li>\n<li>miel<\/li>\n<li>jarabe de glucosa-fructosa<\/li>\n<li><span title=\"Al\u00e9rgenos\">extracto de malta de cebada<\/span><\/li>\n<li>Aroma natural<\/li>\n<li>vainilla Bourbon<\/li>\n<\/ul>\n<ol>\n<li id=\"cite_note-028785e0ae9630ded-1\">emulsionante<\/li>\n<\/ol>\n<p>Puede contener trazas de otros frutos secos y mostaza.<\/p>\n<\/div>\n<h4>Glaseado<\/h4>\n<div class=\"product-ingredients ingredients \">\n<ul>\n<li>az\u00facar<\/li>\n<li><span title=\"Al\u00e9rgenos\">clara de huevo fresca de gallinas de corral<\/span><\/li>\n<li><span title=\"Al\u00e9rgenos\">9\u00a0%\u00a0avellanas<\/span><\/li>\n<li>Harina de arroz<\/li>\n<li>almid\u00f3n de arroz<\/li>\n<li>glaseado\n<ul>\n<li>az\u00facar<\/li>\n<li><span title=\"Al\u00e9rgenos\">almid\u00f3n de trigo<\/span><\/li>\n<\/ul>\n<\/li>\n<li>Aceite de girasol<\/li>\n<li>Aroma natural<\/li>\n<li>az\u00facar<\/li>\n<li>18\u00a0%\u00a0Huesos de albaricoque<\/li>\n<li><span title=\"Al\u00e9rgenos\">Clara de Huevo<\/span><\/li>\n<li><span title=\"Al\u00e9rgenos\">lactosa<\/span><\/li>\n<li><span title=\"Al\u00e9rgenos\">prote\u00edna de la leche<\/span><\/li>\n<li>Aroma<\/li>\n<li>bicarbonato de sodio (E500ii)\u00a0<sup><a href=\"https:\/\/www.piccantino.es\/galup\/colorfully-edition-panettone-con-melocoton-confitado-guindas#cite_note-a3145bdd444e4a857-1\">[1]<\/a><\/sup><\/li>\n<\/ul>\n<ol>\n<li id=\"cite_note-a3145bdd444e4a857-1\">agentes gasificantes<\/li>\n<\/ol>\n<p>Las avellanas son de la variedad Tonda Gentile Trilobata.<\/p>\n<\/div>\n<\/div>\n<\/details>\n<details class=\"p-details__item\" open=\"\">\n<summary class=\"p-details__summary\">Informaci\u00f3n nutricional<\/summary>\n<div class=\"p-details__content\">\n<div class=\"product-ingredients nutritional \">\n<table class=\"product-ingredients nutritional\" cellspacing=\"0\">\n<thead>\n<tr>\n<th>Informaci\u00f3n nutricional<\/th>\n<th class=\"column header odd\">por 100 g<\/th>\n<\/tr>\n<\/thead>\n<tbody>\n<tr class=\"odd\">\n<th>Contenido energ\u00e9tico \/ Calor\u00edas<\/th>\n<td class=\"column odd value\">1754 \/ 419 kj \/ kcal<\/td>\n<\/tr>\n<tr class=\"even\">\n<th>Grasa<\/th>\n<td class=\"column odd value\">17,2 g<\/td>\n<\/tr>\n<tr class=\"odd\">\n<th>\u00a0\u00a0del cual\/de los cuales: \u00c1cidos grasos saturados<\/th>\n<td class=\"column odd value\">9,9 g<\/td>\n<\/tr>\n<tr class=\"even\">\n<th>Hidratos de carbono<\/th>\n<td class=\"column odd value\">58,1 g<\/td>\n<\/tr>\n<tr class=\"odd\">\n<th>\u00a0\u00a0del cual\/de los cuales: az\u00facar<\/th>\n<td class=\"column odd value\">337 g<\/td>\n<\/tr>\n<tr class=\"even\">\n<th>Prote\u00ednas<\/th>\n<td class=\"column odd value\">4,5 g<\/td>\n<\/tr>\n<tr class=\"odd\">\n<th>sal<\/th>\n<td class=\"column odd value\">0,4 g<\/td>\n<\/tr>\n<\/tbody>\n<\/table>\n<\/div>\n<\/div>\n<\/details>\n<\/div>\n","protected":false},"featured_media":2787,"comment_status":"closed","ping_status":"closed","template":"","meta":[],"product_brand":[],"product_cat":[55],"product_tag":[48],"class_list":{"0":"post-2721","1":"product","2":"type-product","3":"status-publish","4":"has-post-thumbnail","6":"product_cat-navidad","7":"product_tag-seco","9":"first","10":"outofstock","11":"shipping-taxable","12":"purchasable","13":"product-type-simple"},"_links":{"self":[{"href":"https:\/\/deliciasdeitalia.com\/en\/wp-json\/wp\/v2\/product\/2721","targetHints":{"allow":["GET"]}}],"collection":[{"href":"https:\/\/deliciasdeitalia.com\/en\/wp-json\/wp\/v2\/product"}],"about":[{"href":"https:\/\/deliciasdeitalia.com\/en\/wp-json\/wp\/v2\/types\/product"}],"replies":[{"embeddable":true,"href":"https:\/\/deliciasdeitalia.com\/en\/wp-json\/wp\/v2\/comments?post=2721"}],"version-history":[{"count":5,"href":"https:\/\/deliciasdeitalia.com\/en\/wp-json\/wp\/v2\/product\/2721\/revisions"}],"predecessor-version":[{"id":2908,"href":"https:\/\/deliciasdeitalia.com\/en\/wp-json\/wp\/v2\/product\/2721\/revisions\/2908"}],"wp:featuredmedia":[{"embeddable":true,"href":"https:\/\/deliciasdeitalia.com\/en\/wp-json\/wp\/v2\/media\/2787"}],"wp:attachment":[{"href":"https:\/\/deliciasdeitalia.com\/en\/wp-json\/wp\/v2\/media?parent=2721"}],"wp:term":[{"taxonomy":"product_brand","embeddable":true,"href":"https:\/\/deliciasdeitalia.com\/en\/wp-json\/wp\/v2\/product_brand?post=2721"},{"taxonomy":"product_cat","embeddable":true,"href":"https:\/\/deliciasdeitalia.com\/en\/wp-json\/wp\/v2\/product_cat?post=2721"},{"taxonomy":"product_tag","embeddable":true,"href":"https:\/\/deliciasdeitalia.com\/en\/wp-json\/wp\/v2\/product_tag?post=2721"}],"curies":[{"name":"wp","href":"https:\/\/api.w.org\/{rel}","templated":true}]}}