{"id":2706,"date":"2024-11-18T15:05:07","date_gmt":"2024-11-18T15:05:07","guid":{"rendered":"https:\/\/deliciasdeitalia.com\/?post_type=product&#038;p=2706"},"modified":"2026-01-19T16:10:02","modified_gmt":"2026-01-19T16:10:02","slug":"pandoro","status":"publish","type":"product","link":"https:\/\/deliciasdeitalia.com\/en\/producto\/pandoro\/","title":{"rendered":"PANDORO SACCHETTO CEL. 750 G."},"content":{"rendered":"<p>Pandoro: esponjoso, la masa hecha a mano, con mantequilla y huevos frescos, horneados cada uno en sus moldes, solo necesitas espolvorearlo con una pizca de az\u00facar glas.<\/p>\n","protected":false},"excerpt":{"rendered":"<p>&nbsp;<\/p>\n<div id=\"mainWrapper\" class=\"main--fullsize\" role=\"main\">\n<div class=\"product-page clearfix\" data-json=\"{&quot;brand&quot;:&quot;Galup&quot;,&quot;name&quot;:&quot;Pandoro Classico&quot;,&quot;id&quot;:&quot;IMT-TED08&quot;,&quot;category&quot;:&quot;Category-&quot;}\">\n<div class=\"p-details\">\n<details class=\"p-details__item\" open=\"\">\n<div class=\"p-details__content --wysiwyg\">\n<p>El Pandoro, junto con el panettone, es un aut\u00e9ntico cl\u00e1sico para celebrar la Navidad. Su nombre deriva del veneciano &#8220;pan de oro&#8221;, probablemente por su t\u00edpico color dorado debido a la presencia de huevos en la masa.<\/p>\n<p>Galup Pandoro est\u00e1 elaborado artesanalmente seg\u00fan una receta tradicional y con ingredientes frescos y genuinos, como mantequilla, huevos frescos de gallinas camperas y levadura natural. Suave y fragante, es un aut\u00e9ntico placer y perfecto para celebrar la Navidad de forma tradicional.<\/p>\n<\/div>\n<table class=\"p-attributesTable\">\n<tbody>\n<tr>\n<th>Marca:<\/th>\n<td><a href=\"https:\/\/www.piccantino.es\/galup\">Galup<\/a><\/td>\n<\/tr>\n<tr>\n<th>Origen:<\/th>\n<td><a href=\"https:\/\/www.piccantino.es\/origen-1\/italia-1\">Italia<\/a><\/td>\n<\/tr>\n<tr>\n<th>Puede contener trazas de:<\/th>\n<td>F &#8211; Soja, H &#8211; Frutos secos, M &#8211; Mostaza<\/td>\n<\/tr>\n<tr>\n<th>Informaci\u00f3n sobre conservaci\u00f3n:<\/th>\n<td>Guardar en un lugar fresco y seco<\/td>\n<\/tr>\n<\/tbody>\n<\/table>\n<div class=\"p-details__content --wysiwyg\"><\/div>\n<\/details>\n<details class=\"p-details__item\" open=\"\">\n<summary class=\"p-details__summary\">Ingredientes<\/summary>\n<div class=\"p-details__content\">\n<div class=\"product-ingredients ingredients \">\n<ul>\n<li><span title=\"Al\u00e9rgenos\">harina de trigo tipo 0<\/span><\/li>\n<li><span title=\"Al\u00e9rgenos\">23\u00a0%\u00a0huevos de categor\u00eda A de gallinas de corral<\/span><\/li>\n<li>Az\u00facar<\/li>\n<li><span title=\"Al\u00e9rgenos\">17\u00a0%\u00a0manteca<\/span><\/li>\n<li>Emulsionantes\n<ul>\n<li>mono y diglic\u00e9ridos de \u00e1cidos grasos (E471)<\/li>\n<\/ul>\n<\/li>\n<li><span title=\"Al\u00e9rgenos\">masa madre<\/span>\n<ul>\n<li><span title=\"Al\u00e9rgenos\">harina de trigo tipo 0<\/span><\/li>\n<li>agua<\/li>\n<\/ul>\n<\/li>\n<li><span title=\"Al\u00e9rgenos\">Leche entera<\/span><\/li>\n<li>sal<\/li>\n<li>manteca de cacao<\/li>\n<li>levadura de cerveza<\/li>\n<li>aromas naturales<\/li>\n<li>aroma de vainilla<\/li>\n<\/ul>\n<\/div>\n<div class=\"product-ingredients ingredients \">\n<ul>\n<li>Az\u00facar<\/li>\n<li>Almid\u00f3n de trigo<\/li>\n<li>Aroma<\/li>\n<\/ul>\n<\/div>\n<\/div>\n<\/details>\n<details class=\"p-details__item\" open=\"\">\n<summary class=\"p-details__summary\">Informaci\u00f3n nutricional<\/summary>\n<div class=\"p-details__content\">\n<div class=\"product-ingredients nutritional \">\n<table class=\"product-ingredients nutritional\" cellspacing=\"0\">\n<thead>\n<tr>\n<th>Informaci\u00f3n nutricional<\/th>\n<th class=\"column header odd\">por 100 g<\/th>\n<\/tr>\n<\/thead>\n<tbody>\n<tr class=\"odd\">\n<th>Contenido energ\u00e9tico \/ Calor\u00edas<\/th>\n<td class=\"column odd value\">1599 \/ 382 kj \/ kcal<\/td>\n<\/tr>\n<tr class=\"even\">\n<th>Grasa<\/th>\n<td class=\"column odd value\">21 g<\/td>\n<\/tr>\n<tr class=\"odd\">\n<th>\u00c1cidos grasos saturados<\/th>\n<td class=\"column odd value\">13,6 g<\/td>\n<\/tr>\n<tr class=\"even\">\n<th>Hidratos de carbono<\/th>\n<td class=\"column odd value\">40,7 g<\/td>\n<\/tr>\n<tr class=\"odd\">\n<th>az\u00facar<\/th>\n<td class=\"column odd value\">18,8 g<\/td>\n<\/tr>\n<tr class=\"even\">\n<th>Prote\u00ednas<\/th>\n<td class=\"column odd value\">5,4 g<\/td>\n<\/tr>\n<tr class=\"odd\">\n<th>sal<\/th>\n<td class=\"column odd value\">0,43 g<\/td>\n<\/tr>\n<\/tbody>\n<\/table>\n<\/div>\n<\/div>\n<\/details>\n<\/div>\n<\/div>\n<\/div>\n<p>&nbsp;<\/p>\n","protected":false},"featured_media":2802,"comment_status":"closed","ping_status":"closed","template":"","meta":[],"product_brand":[],"product_cat":[55],"product_tag":[48],"class_list":{"0":"post-2706","1":"product","2":"type-product","3":"status-publish","4":"has-post-thumbnail","6":"product_cat-navidad","7":"product_tag-seco","9":"first","10":"outofstock","11":"shipping-taxable","12":"purchasable","13":"product-type-simple"},"_links":{"self":[{"href":"https:\/\/deliciasdeitalia.com\/en\/wp-json\/wp\/v2\/product\/2706","targetHints":{"allow":["GET"]}}],"collection":[{"href":"https:\/\/deliciasdeitalia.com\/en\/wp-json\/wp\/v2\/product"}],"about":[{"href":"https:\/\/deliciasdeitalia.com\/en\/wp-json\/wp\/v2\/types\/product"}],"replies":[{"embeddable":true,"href":"https:\/\/deliciasdeitalia.com\/en\/wp-json\/wp\/v2\/comments?post=2706"}],"version-history":[{"count":5,"href":"https:\/\/deliciasdeitalia.com\/en\/wp-json\/wp\/v2\/product\/2706\/revisions"}],"predecessor-version":[{"id":2912,"href":"https:\/\/deliciasdeitalia.com\/en\/wp-json\/wp\/v2\/product\/2706\/revisions\/2912"}],"wp:featuredmedia":[{"embeddable":true,"href":"https:\/\/deliciasdeitalia.com\/en\/wp-json\/wp\/v2\/media\/2802"}],"wp:attachment":[{"href":"https:\/\/deliciasdeitalia.com\/en\/wp-json\/wp\/v2\/media?parent=2706"}],"wp:term":[{"taxonomy":"product_brand","embeddable":true,"href":"https:\/\/deliciasdeitalia.com\/en\/wp-json\/wp\/v2\/product_brand?post=2706"},{"taxonomy":"product_cat","embeddable":true,"href":"https:\/\/deliciasdeitalia.com\/en\/wp-json\/wp\/v2\/product_cat?post=2706"},{"taxonomy":"product_tag","embeddable":true,"href":"https:\/\/deliciasdeitalia.com\/en\/wp-json\/wp\/v2\/product_tag?post=2706"}],"curies":[{"name":"wp","href":"https:\/\/api.w.org\/{rel}","templated":true}]}}