{"id":2688,"date":"2024-11-18T11:54:51","date_gmt":"2024-11-18T11:54:51","guid":{"rendered":"https:\/\/deliciasdeitalia.com\/?post_type=product&#038;p=2688"},"modified":"2026-03-13T10:39:31","modified_gmt":"2026-03-13T10:39:31","slug":"giangalup-con-gocce-cioccolato-streglio","status":"publish","type":"product","link":"https:\/\/deliciasdeitalia.com\/en\/producto\/giangalup-con-gocce-cioccolato-streglio\/","title":{"rendered":"GIANGALUP CON GOCCE CIOCCOLATO STREGLIO 500 G."},"content":{"rendered":"<p>Panettone GianGalup, sin pasas-sin frutas, con pepitas de chocolate Streglio (aconsejamos espolvorear az\u00facar glas por encima).<\/p>\n","protected":false},"excerpt":{"rendered":"<p>&nbsp;<\/p>\n<div id=\"mainWrapper\" class=\"main--fullsize\" role=\"main\">\n<div class=\"product-page clearfix\" data-json=\"{&quot;brand&quot;:&quot;Galup&quot;,&quot;name&quot;:&quot;Giangalup con Chispas de Chocolate&quot;,&quot;id&quot;:&quot;IMT-TED09&quot;,&quot;category&quot;:&quot;Category-&quot;}\">\n<div class=\"p-details\">\n<details class=\"p-details__item\" open=\"\">\n<summary class=\"p-details__summary\">Descripci\u00f3n<\/summary>\n<div class=\"p-details__content --wysiwyg\">\n<p>Este bizcocho no s\u00f3lo impresiona por su especial forma triangular, sino tambi\u00e9n por su extraordinario sabor.<br \/>\nLa masa madre natural con levadura madre blanca y tres fases de elaboraci\u00f3n diferentes garantizan una masa maravillosamente esponjosa y suave y el sabor m\u00e1s pleno. El pastel rinde homenaje al chocolate de Tur\u00edn, por lo que tambi\u00e9n contiene gotas de fino chocolate Streglio. Para servirlo, basta con espolvorearlo con az\u00facar glas y hacer las delicias de tus invitados.<\/p>\n<\/div>\n<table class=\"p-attributesTable\">\n<tbody>\n<tr>\n<th>Marca:<\/th>\n<td><a href=\"https:\/\/www.piccantino.es\/galup\">Galup<\/a><\/td>\n<\/tr>\n<tr>\n<th>Origen:<\/th>\n<td><a href=\"https:\/\/www.piccantino.es\/origen-1\/italia-1\">Italia<\/a><\/td>\n<\/tr>\n<tr>\n<th>Puede contener trazas de:<\/th>\n<td>H &#8211; Frutos secos, M &#8211; Mostaza<\/td>\n<\/tr>\n<tr>\n<th>Informaci\u00f3n sobre conservaci\u00f3n:<\/th>\n<td>Guardar en un lugar fresco y seco<\/td>\n<\/tr>\n<\/tbody>\n<\/table>\n<div class=\"p-details__content --wysiwyg\"><\/div>\n<\/details>\n<details class=\"p-details__item\" open=\"\">\n<summary class=\"p-details__summary\">Ingredientes<\/summary>\n<div class=\"p-details__content\">\n<div class=\"product-ingredients ingredients \">\n<ul>\n<li><span title=\"Al\u00e9rgenos\">harina de trigo blando tipo 0<\/span><\/li>\n<li><span title=\"Al\u00e9rgenos\">21\u00a0%\u00a0huevos de categor\u00eda A de gallinas de corral<\/span><\/li>\n<li>Az\u00facar<\/li>\n<li><span title=\"Al\u00e9rgenos\">16\u00a0%\u00a0manteca<\/span><\/li>\n<li><span title=\"Al\u00e9rgenos\">9\u00a0%\u00a0chocolate<\/span>\n<ul>\n<li>Az\u00facar<\/li>\n<li>masa de cacao<\/li>\n<li>manteca de cacao<\/li>\n<li>emulsionante\n<ul>\n<li><span title=\"Al\u00e9rgenos\">lecitina de soya<\/span><\/li>\n<\/ul>\n<\/li>\n<\/ul>\n<\/li>\n<li><span title=\"Al\u00e9rgenos\">masa madre<\/span>\n<ul>\n<li><span title=\"Al\u00e9rgenos\">harina de trigo blando tipo 0<\/span><\/li>\n<li>agua<\/li>\n<\/ul>\n<\/li>\n<li>Emulsionantes\n<ul>\n<li>mono y diglic\u00e9ridos de \u00e1cidos grasos (E471)<\/li>\n<\/ul>\n<\/li>\n<li><span title=\"Al\u00e9rgenos\">Leche entera<\/span><\/li>\n<li>sal<\/li>\n<li>manteca de cacao<\/li>\n<li>levadura de cerveza<\/li>\n<li>aromas naturales<\/li>\n<li>aroma de vainilla<\/li>\n<\/ul>\n<\/div>\n<div class=\"product-ingredients ingredients \">\n<ul>\n<li>Az\u00facar<\/li>\n<li>Almid\u00f3n de trigo<\/li>\n<li>aromas<\/li>\n<\/ul>\n<\/div>\n<\/div>\n<\/details>\n<details class=\"p-details__item\" open=\"\">\n<summary class=\"p-details__summary\">Informaci\u00f3n nutricional<\/summary>\n<div class=\"p-details__content\">\n<div class=\"product-ingredients nutritional \">\n<table class=\"product-ingredients nutritional\" cellspacing=\"0\">\n<thead>\n<tr>\n<th>Informaci\u00f3n nutricional<\/th>\n<th class=\"column header odd\">por 100 g<\/th>\n<\/tr>\n<\/thead>\n<tbody>\n<tr class=\"odd\">\n<th>Contenido energ\u00e9tico \/ Calor\u00edas<\/th>\n<td class=\"column odd value\">1918 \/ 458 kj \/ kcal<\/td>\n<\/tr>\n<tr class=\"even\">\n<th>Grasa<\/th>\n<td class=\"column odd value\">24 g<\/td>\n<\/tr>\n<tr class=\"odd\">\n<th>\u00c1cidos grasos saturados<\/th>\n<td class=\"column odd value\">16 g<\/td>\n<\/tr>\n<tr class=\"even\">\n<th>Hidratos de carbono<\/th>\n<td class=\"column odd value\">51 g<\/td>\n<\/tr>\n<tr class=\"odd\">\n<th>az\u00facar<\/th>\n<td class=\"column odd value\">23 g<\/td>\n<\/tr>\n<tr class=\"even\">\n<th>Prote\u00ednas<\/th>\n<td class=\"column odd value\">8 g<\/td>\n<\/tr>\n<tr class=\"odd\">\n<th>sal<\/th>\n<td class=\"column odd value\">0,29 g<\/td>\n<\/tr>\n<\/tbody>\n<\/table>\n<\/div>\n<\/div>\n<\/details>\n<\/div>\n<\/div>\n<\/div>\n<p>&nbsp;<\/p>\n","protected":false},"featured_media":2689,"comment_status":"closed","ping_status":"closed","template":"","meta":[],"product_brand":[],"product_cat":[72],"product_tag":[67],"class_list":{"0":"post-2688","1":"product","2":"type-product","3":"status-publish","4":"has-post-thumbnail","6":"product_cat-christmas","7":"product_tag-dry","9":"first","10":"instock","11":"sale","12":"shipping-taxable","13":"purchasable","14":"product-type-simple"},"_links":{"self":[{"href":"https:\/\/deliciasdeitalia.com\/en\/wp-json\/wp\/v2\/product\/2688","targetHints":{"allow":["GET"]}}],"collection":[{"href":"https:\/\/deliciasdeitalia.com\/en\/wp-json\/wp\/v2\/product"}],"about":[{"href":"https:\/\/deliciasdeitalia.com\/en\/wp-json\/wp\/v2\/types\/product"}],"replies":[{"embeddable":true,"href":"https:\/\/deliciasdeitalia.com\/en\/wp-json\/wp\/v2\/comments?post=2688"}],"version-history":[{"count":7,"href":"https:\/\/deliciasdeitalia.com\/en\/wp-json\/wp\/v2\/product\/2688\/revisions"}],"predecessor-version":[{"id":2913,"href":"https:\/\/deliciasdeitalia.com\/en\/wp-json\/wp\/v2\/product\/2688\/revisions\/2913"}],"wp:featuredmedia":[{"embeddable":true,"href":"https:\/\/deliciasdeitalia.com\/en\/wp-json\/wp\/v2\/media\/2689"}],"wp:attachment":[{"href":"https:\/\/deliciasdeitalia.com\/en\/wp-json\/wp\/v2\/media?parent=2688"}],"wp:term":[{"taxonomy":"product_brand","embeddable":true,"href":"https:\/\/deliciasdeitalia.com\/en\/wp-json\/wp\/v2\/product_brand?post=2688"},{"taxonomy":"product_cat","embeddable":true,"href":"https:\/\/deliciasdeitalia.com\/en\/wp-json\/wp\/v2\/product_cat?post=2688"},{"taxonomy":"product_tag","embeddable":true,"href":"https:\/\/deliciasdeitalia.com\/en\/wp-json\/wp\/v2\/product_tag?post=2688"}],"curies":[{"name":"wp","href":"https:\/\/api.w.org\/{rel}","templated":true}]}}