{"id":2680,"date":"2024-11-18T11:40:06","date_gmt":"2024-11-18T11:40:06","guid":{"rendered":"https:\/\/deliciasdeitalia.com\/?post_type=product&#038;p=2680"},"modified":"2026-03-13T10:40:15","modified_gmt":"2026-03-13T10:40:15","slug":"panettone-con-gocce-cioccolato-fondente-farcito-con-crema-al-pistacchio-ted12","status":"publish","type":"product","link":"https:\/\/deliciasdeitalia.com\/en\/producto\/panettone-con-gocce-cioccolato-fondente-farcito-con-crema-al-pistacchio-ted12\/","title":{"rendered":"PANETTONE CON GOCCE CIOCCOLATO FONDENTE, DA FARCIRE CON CREMA AL PISTACCHIO 750 G."},"content":{"rendered":"<p>Panettone Paradiso, sin pasas y frutas, y sin glaseado; con pasta de naranjas, con pepitas de chocolate negro, y crema de pistacho en <em>sac a poche.<\/em><\/p>\n","protected":false},"excerpt":{"rendered":"<p>&nbsp;<\/p>\n<div id=\"mainWrapper\" class=\"main--fullsize\" role=\"main\">\n<div class=\"product-page clearfix\" data-json=\"{&quot;brand&quot;:&quot;Galup&quot;,&quot;name&quot;:&quot;Panettone con Pasta de Naranja y Crema de Pistacho en Bolsita&quot;,&quot;id&quot;:&quot;IMT-TED16&quot;,&quot;category&quot;:&quot;Category-&quot;}\">\n<div class=\"p-details\">\n<details class=\"p-details__item\" open=\"\">\n<summary class=\"p-details__summary\">Descripci\u00f3n<\/summary>\n<div class=\"p-details__content --wysiwyg\">\n<p>\u00a1Este panettone Galup es una obra maestra para personalizar! El Panettone Paradiso, sin pasas ni frutas confitadas pero con una masa suave aromatizada con pasta de naranja, es un lienzo en blanco donde dar rienda suelta a tu creatividad. La deliciosa crema de pistacho incluida en el paquete ya viene lista en una pr\u00e1ctica manga pastelera, y te permitir\u00e1 crear decoraciones \u00fanicas y sorprendentes. \u00a1Libera tu imaginaci\u00f3n y haz que tu Navidad sea a\u00fan m\u00e1s especial!<\/p>\n<\/div>\n<table class=\"p-attributesTable\">\n<tbody>\n<tr>\n<th>Marca:<\/th>\n<td><a href=\"https:\/\/www.piccantino.es\/galup\">Galup<\/a><\/td>\n<\/tr>\n<tr>\n<th>Origen:<\/th>\n<td><a href=\"https:\/\/www.piccantino.es\/origen-1\/italia-1\">Italia<\/a><\/td>\n<\/tr>\n<tr>\n<th>Puede contener trazas de:<\/th>\n<td>E &#8211; Cacahuetes, F &#8211; Soja, G &#8211; Leche, H &#8211; Frutos secos, M &#8211; Mostaza<\/td>\n<\/tr>\n<tr>\n<th>Informaci\u00f3n sobre conservaci\u00f3n:<\/th>\n<td>Guardar en un lugar fresco y seco<\/td>\n<\/tr>\n<\/tbody>\n<\/table>\n<div class=\"p-details__content --wysiwyg\"><\/div>\n<\/details>\n<details class=\"p-details__item\" open=\"\">\n<summary class=\"p-details__summary\">Ingredientes<\/summary>\n<div class=\"p-details__content\">\n<div class=\"product-ingredients ingredients \">\n<ul>\n<li><span title=\"Al\u00e9rgenos\">harina de trigo tipo 0<\/span><\/li>\n<li><span title=\"Al\u00e9rgenos\">huevos de categor\u00eda A de gallinas de corral<\/span><\/li>\n<li><span title=\"Al\u00e9rgenos\">manteca<\/span><\/li>\n<li>Az\u00facar<\/li>\n<li>5\u00a0%\u00a0pasta afrutada de naranja\n<ul>\n<li>jarabe de glucosa<\/li>\n<li>sirope de fructosa<\/li>\n<li>c\u00e1scaras de naranja<\/li>\n<li>sacarosa<\/li>\n<li>aromas naturales<\/li>\n<li>concentrado de zumo de lim\u00f3n<\/li>\n<\/ul>\n<\/li>\n<li>Emulsionantes\n<ul>\n<li>mono y diglic\u00e9ridos de \u00e1cidos grasos (E471)<\/li>\n<\/ul>\n<\/li>\n<li><span title=\"Al\u00e9rgenos\">masa madre<\/span>\n<ul>\n<li><span title=\"Al\u00e9rgenos\">harina de trigo blando tipo 0<\/span><\/li>\n<li>agua<\/li>\n<\/ul>\n<\/li>\n<li><span title=\"Al\u00e9rgenos\">Leche entera<\/span><\/li>\n<li>manteca de cacao<\/li>\n<li>sal<\/li>\n<li>levadura de cerveza<\/li>\n<li>aromas naturales<\/li>\n<li>aroma de vainilla<\/li>\n<\/ul>\n<p><strong>Crema de Pistacho:<\/strong><\/p>\n<\/div>\n<div class=\"product-ingredients ingredients \">\n<ul>\n<li>Az\u00facar<\/li>\n<li>Almid\u00f3n de trigo<\/li>\n<li>aromas<\/li>\n<li><span title=\"Al\u00e9rgenos\">30\u00a0%\u00a0pistachos<\/span><\/li>\n<li>Az\u00facar<\/li>\n<li>aceites y grasas vegetales\n<ul>\n<li>semillas de girasol<\/li>\n<li>coco<\/li>\n<li>manteca de cacao<\/li>\n<li><span title=\"Al\u00e9rgenos\">leche desnatada en polvo<\/span><\/li>\n<li>\u00a0emulsionante<\/li>\n<\/ul>\n<\/li>\n<\/ul>\n<\/div>\n<div class=\"product-ingredients ingredients \">\n<ul>\n<li>aromas naturales<\/li>\n<li>extracto de espirulina<\/li>\n<\/ul>\n<\/div>\n<\/div>\n<\/details>\n<details class=\"p-details__item\" open=\"\">\n<summary class=\"p-details__summary\">Informaci\u00f3n nutricional<\/summary>\n<div class=\"p-details__content\">\n<div class=\"product-ingredients nutritional \">\n<table class=\"product-ingredients nutritional\" cellspacing=\"0\">\n<thead>\n<tr>\n<th>Informaci\u00f3n nutricional<\/th>\n<th class=\"column header odd\">por 100 g<\/th>\n<\/tr>\n<\/thead>\n<tbody>\n<tr class=\"odd\">\n<th>Contenido energ\u00e9tico \/ Calor\u00edas<\/th>\n<td class=\"column odd value\">1566 \/ 374 kj \/ kcal<\/td>\n<\/tr>\n<tr class=\"even\">\n<th>Grasa<\/th>\n<td class=\"column odd value\">20,8 g<\/td>\n<\/tr>\n<tr class=\"odd\">\n<th>\u00c1cidos grasos saturados<\/th>\n<td class=\"column odd value\">13,5 g<\/td>\n<\/tr>\n<tr class=\"even\">\n<th>Hidratos de carbono<\/th>\n<td class=\"column odd value\">37,7 g<\/td>\n<\/tr>\n<tr class=\"odd\">\n<th>az\u00facar<\/th>\n<td class=\"column odd value\">19,7 g<\/td>\n<\/tr>\n<tr class=\"even\">\n<th>Prote\u00ednas<\/th>\n<td class=\"column odd value\">5,2 g<\/td>\n<\/tr>\n<tr class=\"odd\">\n<th>sal<\/th>\n<td class=\"column odd value\">0,53 g<\/td>\n<\/tr>\n<\/tbody>\n<\/table>\n<\/div>\n<div class=\"product-ingredients nutritional \">\n<table class=\"product-ingredients nutritional\" cellspacing=\"0\">\n<thead>\n<tr>\n<th>Informaci\u00f3n nutricional<\/th>\n<th class=\"column header odd\">por 100 g<\/th>\n<\/tr>\n<\/thead>\n<tbody>\n<tr class=\"odd\">\n<th>Contenido energ\u00e9tico \/ Calor\u00edas<\/th>\n<td class=\"column odd value\">2441 \/ 583 kj \/ kcal<\/td>\n<\/tr>\n<tr class=\"even\">\n<th>Grasa<\/th>\n<td class=\"column odd value\">38 g<\/td>\n<\/tr>\n<tr class=\"odd\">\n<th>\u00c1cidos grasos saturados<\/th>\n<td class=\"column odd value\">12 g<\/td>\n<\/tr>\n<tr class=\"even\">\n<th>Hidratos de carbono<\/th>\n<td class=\"column odd value\">49 g<\/td>\n<\/tr>\n<tr class=\"odd\">\n<th>az\u00facar<\/th>\n<td class=\"column odd value\">43 g<\/td>\n<\/tr>\n<tr class=\"even\">\n<th>Prote\u00ednas<\/th>\n<td class=\"column odd value\">9,6 g<\/td>\n<\/tr>\n<tr class=\"odd\">\n<th>sal<\/th>\n<td class=\"column odd value\">0,24 g<\/td>\n<\/tr>\n<\/tbody>\n<\/table>\n<\/div>\n<\/div>\n<\/details>\n<\/div>\n<\/div>\n<\/div>\n<p>&nbsp;<\/p>\n","protected":false},"featured_media":2673,"comment_status":"closed","ping_status":"closed","template":"","meta":[],"product_brand":[],"product_cat":[55],"product_tag":[],"class_list":{"0":"post-2680","1":"product","2":"type-product","3":"status-publish","4":"has-post-thumbnail","6":"product_cat-navidad","8":"first","9":"instock","10":"sale","11":"sold-individually","12":"shipping-taxable","13":"purchasable","14":"product-type-simple"},"_links":{"self":[{"href":"https:\/\/deliciasdeitalia.com\/en\/wp-json\/wp\/v2\/product\/2680","targetHints":{"allow":["GET"]}}],"collection":[{"href":"https:\/\/deliciasdeitalia.com\/en\/wp-json\/wp\/v2\/product"}],"about":[{"href":"https:\/\/deliciasdeitalia.com\/en\/wp-json\/wp\/v2\/types\/product"}],"replies":[{"embeddable":true,"href":"https:\/\/deliciasdeitalia.com\/en\/wp-json\/wp\/v2\/comments?post=2680"}],"version-history":[{"count":6,"href":"https:\/\/deliciasdeitalia.com\/en\/wp-json\/wp\/v2\/product\/2680\/revisions"}],"predecessor-version":[{"id":2914,"href":"https:\/\/deliciasdeitalia.com\/en\/wp-json\/wp\/v2\/product\/2680\/revisions\/2914"}],"wp:featuredmedia":[{"embeddable":true,"href":"https:\/\/deliciasdeitalia.com\/en\/wp-json\/wp\/v2\/media\/2673"}],"wp:attachment":[{"href":"https:\/\/deliciasdeitalia.com\/en\/wp-json\/wp\/v2\/media?parent=2680"}],"wp:term":[{"taxonomy":"product_brand","embeddable":true,"href":"https:\/\/deliciasdeitalia.com\/en\/wp-json\/wp\/v2\/product_brand?post=2680"},{"taxonomy":"product_cat","embeddable":true,"href":"https:\/\/deliciasdeitalia.com\/en\/wp-json\/wp\/v2\/product_cat?post=2680"},{"taxonomy":"product_tag","embeddable":true,"href":"https:\/\/deliciasdeitalia.com\/en\/wp-json\/wp\/v2\/product_tag?post=2680"}],"curies":[{"name":"wp","href":"https:\/\/api.w.org\/{rel}","templated":true}]}}