{"id":2577,"date":"2023-11-22T14:46:11","date_gmt":"2023-11-22T14:46:11","guid":{"rendered":"https:\/\/deliciasdeitalia.testdcip.com\/?post_type=product&#038;p=2577"},"modified":"2026-02-18T15:18:12","modified_gmt":"2026-02-18T15:18:12","slug":"chianti-clas-docg-b-salcentino-gallo-nero-livon","status":"publish","type":"product","link":"https:\/\/deliciasdeitalia.com\/en\/producto\/chianti-clas-docg-b-salcentino-gallo-nero-livon\/","title":{"rendered":"CHIANTI CLASSICO DOCG BORGO SALCENTINO GALLO NERO LIVON"},"content":{"rendered":"<div class=\"lap-and-up__6\">\n<div class=\"toggle-block\">\n<h2 class=\"toggle-title\" data-toggle-name=\"product-details_note_di_degustazione\">NOTAS DE CATA<\/h2>\n<p class=\"toggle-content\" data-toggle-content=\"product-details_note_di_degustazione\">En la copa tiene un hermoso color granate. Los aromas que envuelven la nariz hablan de peque\u00f1os frutos rojos, enriquecidos por toques de resina y matices m\u00e1s bals\u00e1micos. En el paladar tiene un cuerpo completo y redondo, que se distingue por sus taninos bien suavizados.<\/p>\n<\/div>\n<div class=\"toggle-block\">\n<h2 class=\"toggle-title\" data-toggle-name=\"product-details_abbinamenti\">COMBINACIONES<\/h2>\n<p class=\"toggle-content\" data-toggle-content=\"product-details_abbinamenti\">Se sirve con tablas de quesos curados, acompa\u00f1ados de embutidos como la Finocchiona, o con platos principales de carne roja, especialmente a la parrilla.<\/p>\n<\/div>\n<\/div>\n<div class=\"lap-and-up__6\">\n<div class=\"toggle-block\">\n<h2 class=\"toggle-title\" data-toggle-name=\"product-details_perche_ci_piace\">CHIANTI CLASSICO DOCG 2017 &#8211; BORGO SALCETINO, LIVON: POR QU\u00c9 NOS GUSTA<\/h2>\n<p class=\"toggle-content\" data-toggle-content=\"product-details_perche_ci_piace\">Este Chianti Classico DOCG es uno de los productos elaborados por la bodega Livon en la finca Borgo Salcetino de Radda in Chianti, una propiedad adquirida en 1996 con una visi\u00f3n empresarial de largo alcance. Es un vino tinto t\u00edpico de la Toscana, fruto de la relaci\u00f3n entre la cepa emblem\u00e1tica de esta regi\u00f3n, el Sangiovese, y el territorio. Las uvas, cosechadas estrictamente a mano, se prensan suavemente y el mosto obtenido fermenta durante 22 d\u00edas a una temperatura de 23 grados, macerando sobre los hollejos. La fermentaci\u00f3n malol\u00e1ctica se realiza en madera y el vino se envejece en madera durante un a\u00f1o. Una etiqueta que emociona por sus profundos perfumes y que se aprecia en el paladar por su excelente equilibrio.<\/p>\n<\/div>\n<\/div>\n","protected":false},"excerpt":{"rendered":"<p>Vino tinto t\u00edpico de la Toscana, fruto de la relaci\u00f3n entre la cepa emblem\u00e1tica de esta regi\u00f3n, el Sangiovese, y el territorio. Una etiqueta que emociona por sus profundos perfumes y que se aprecia en el paladar por su excelente equilibrio. Se sirve con tablas de quesos curados, acompa\u00f1ados de embutidos como la Finocchiona, o con platos principales de carne roja, especialmente a la parrilla.<\/p>\n","protected":false},"featured_media":2581,"comment_status":"open","ping_status":"closed","template":"","meta":[],"product_brand":[],"product_cat":[100,30],"product_tag":[48],"class_list":{"0":"post-2577","1":"product","2":"type-product","3":"status-publish","4":"has-post-thumbnail","6":"product_cat-friuli-venezia-giulia","7":"product_cat-vinos-de-italia","8":"product_tag-seco","10":"first","11":"instock","12":"shipping-taxable","13":"purchasable","14":"product-type-simple"},"_links":{"self":[{"href":"https:\/\/deliciasdeitalia.com\/en\/wp-json\/wp\/v2\/product\/2577","targetHints":{"allow":["GET"]}}],"collection":[{"href":"https:\/\/deliciasdeitalia.com\/en\/wp-json\/wp\/v2\/product"}],"about":[{"href":"https:\/\/deliciasdeitalia.com\/en\/wp-json\/wp\/v2\/types\/product"}],"replies":[{"embeddable":true,"href":"https:\/\/deliciasdeitalia.com\/en\/wp-json\/wp\/v2\/comments?post=2577"}],"version-history":[{"count":3,"href":"https:\/\/deliciasdeitalia.com\/en\/wp-json\/wp\/v2\/product\/2577\/revisions"}],"predecessor-version":[{"id":2867,"href":"https:\/\/deliciasdeitalia.com\/en\/wp-json\/wp\/v2\/product\/2577\/revisions\/2867"}],"wp:featuredmedia":[{"embeddable":true,"href":"https:\/\/deliciasdeitalia.com\/en\/wp-json\/wp\/v2\/media\/2581"}],"wp:attachment":[{"href":"https:\/\/deliciasdeitalia.com\/en\/wp-json\/wp\/v2\/media?parent=2577"}],"wp:term":[{"taxonomy":"product_brand","embeddable":true,"href":"https:\/\/deliciasdeitalia.com\/en\/wp-json\/wp\/v2\/product_brand?post=2577"},{"taxonomy":"product_cat","embeddable":true,"href":"https:\/\/deliciasdeitalia.com\/en\/wp-json\/wp\/v2\/product_cat?post=2577"},{"taxonomy":"product_tag","embeddable":true,"href":"https:\/\/deliciasdeitalia.com\/en\/wp-json\/wp\/v2\/product_tag?post=2577"}],"curies":[{"name":"wp","href":"https:\/\/api.w.org\/{rel}","templated":true}]}}